{"id":245,"date":"2024-10-27T17:59:08","date_gmt":"2024-10-27T16:59:08","guid":{"rendered":"https:\/\/feriadecuchilleriademadrid.com\/?page_id=245"},"modified":"2024-10-27T18:29:18","modified_gmt":"2024-10-27T17:29:18","slug":"terminos-y-condiciones","status":"publish","type":"page","link":"https:\/\/feriadecuchilleriademadrid.com\/index.php\/terminos-y-condiciones\/","title":{"rendered":"TERMINOS Y CONDICIONES"},"content":{"rendered":"\t\t<div data-elementor-type=\"wp-page\" data-elementor-id=\"245\" class=\"elementor elementor-245\">\n\t\t\t\t<div class=\"elementor-element elementor-element-e39b547 e-flex e-con-boxed e-con e-parent\" data-id=\"e39b547\" data-element_type=\"container\">\n\t\t\t\t\t<div class=\"e-con-inner\">\n\t\t\t\t<div class=\"elementor-element elementor-element-75cff2f elementor-widget elementor-widget-text-editor\" data-id=\"75cff2f\" data-element_type=\"widget\" data-widget_type=\"text-editor.default\">\n\t\t\t\t<div class=\"elementor-widget-container\">\n\t\t\t\t\t\t\t<p>Bienvenido a <strong><a href=\"http:\/\/www.feriadecuchilleriademadrid.com\" target=\"_new\" rel=\"noopener\">www.feriadecuchilleriademadrid.com<\/a><\/strong> (en adelante, \u00abel sitio web\u00bb). Al acceder o utilizar este sitio web, acepta cumplir con estos T\u00e9rminos y Condiciones. Si no est\u00e1 de acuerdo con ellos, le rogamos que no utilice el sitio web.<\/p><h3><span style=\"color: #ff6600;\">1. Informaci\u00f3n General<\/span><\/h3><p>El sitio web <strong><a href=\"http:\/\/www.feriadecuchilleriademadrid.com\" target=\"_new\" rel=\"noopener\">www.feriadecuchilleriademadrid.com<\/a><\/strong> es un espacio dedicado a la promoci\u00f3n y divulgaci\u00f3n de la Feria de Cuchiller\u00eda de Madrid. Los contenidos, servicios y productos presentados en el sitio son \u00fanicamente con fines informativos y promocionales.<\/p><h3><span style=\"color: #ff6600;\">2. Uso del sitio web<\/span><\/h3><p>Al utilizar este sitio web, usted se compromete a:<\/p><ul><li><strong>Usarlo de manera l\u00edcita<\/strong> y en conformidad con la legislaci\u00f3n vigente, la moral, el orden p\u00fablico y estos T\u00e9rminos y Condiciones.<\/li><li><strong>No emplearlo con fines fraudulentos<\/strong>, ni llevar a cabo conductas que puedan da\u00f1ar la imagen, los intereses o los derechos de la Feria de Cuchiller\u00eda de Madrid o de terceros.<\/li><li><strong>No realizar acciones que puedan sobrecargar, da\u00f1ar o inutilizar el sitio web<\/strong> o interferir con el uso normal del mismo.<\/li><\/ul><p>Nos reservamos el derecho de denegar el acceso al sitio web a cualquier usuario que incumpla estas obligaciones.<\/p><h3><span style=\"color: #ff6600;\">3. Contenidos del sitio web<\/span><\/h3><p>Los contenidos del sitio web son propiedad de la Feria de Cuchiller\u00eda de Madrid o de terceros que nos han autorizado a utilizarlos. Estos contenidos incluyen, entre otros, textos, im\u00e1genes, gr\u00e1ficos, logos, videos y software.<\/p><ul><li><strong>Propiedad Intelectual<\/strong>: Todos los derechos de propiedad intelectual e industrial sobre los contenidos y el dise\u00f1o del sitio web est\u00e1n reservados. Est\u00e1 prohibida la reproducci\u00f3n, distribuci\u00f3n, modificaci\u00f3n o uso sin nuestra autorizaci\u00f3n previa.<\/li><li><strong>Uso Limitado<\/strong>: Puede visualizar el contenido del sitio web para su uso personal y no comercial, siempre y cuando no elimine ni modifique los avisos de derechos de autor o propiedad.<\/li><\/ul><h3><span style=\"color: #ff6600;\">4. Registro de Usuarios<\/span><\/h3><p>Para acceder a ciertas \u00e1reas del sitio o participar en actividades especiales, como concursos o sorteos, puede requerirse el registro de los usuarios.<\/p><ul><li><strong>Responsabilidad del usuario<\/strong>: Usted es responsable de proporcionar informaci\u00f3n veraz y exacta durante el proceso de registro. Asimismo, debe mantener la confidencialidad de sus credenciales de acceso.<\/li><li><strong>Suspensi\u00f3n del acceso<\/strong>: Nos reservamos el derecho de suspender o cancelar la cuenta de cualquier usuario que incumpla con estos T\u00e9rminos y Condiciones o realice actividades fraudulentas.<\/li><\/ul><h3><span style=\"color: #ff6600;\">5. Limitaci\u00f3n de Responsabilidad<\/span><\/h3><p>El sitio web se proporciona \u00abtal cual\u00bb y no garantizamos la disponibilidad continua, la exactitud de los contenidos o la ausencia de errores. No seremos responsables por:<\/p><ul><li><strong>Da\u00f1os o perjuicios derivados del uso del sitio web<\/strong>, incluyendo, sin limitaci\u00f3n, p\u00e9rdida de datos, virus, o problemas t\u00e9cnicos.<\/li><li><strong>Contenidos enlazados de terceros<\/strong>: No nos hacemos responsables de la informaci\u00f3n o servicios ofrecidos por sitios web de terceros a los que se pueda acceder a trav\u00e9s de enlaces en nuestro sitio.<\/li><\/ul><h3><span style=\"color: #ff6600;\">6. Modificaciones<\/span><\/h3><p>Nos reservamos el derecho de modificar, suspender o interrumpir, temporal o permanentemente, el sitio web o cualquier parte del mismo, con o sin previo aviso. Asimismo, estos T\u00e9rminos y Condiciones pueden ser actualizados o modificados en cualquier momento. Las modificaciones ser\u00e1n publicadas en esta p\u00e1gina y su uso continuado del sitio web implica la aceptaci\u00f3n de los cambios.<\/p><h3><span style=\"color: #ff6600;\">7. Pol\u00edtica de Privacidad<\/span><\/h3><p>El uso de los datos personales de los usuarios se regir\u00e1 por nuestra <strong>Pol\u00edtica de Privacidad<\/strong>, que se encuentra disponible en el sitio web. Al utilizar el sitio, acepta la recopilaci\u00f3n y el uso de su informaci\u00f3n conforme a dicha pol\u00edtica.<\/p><h3><span style=\"color: #ff6600;\">8. Legislaci\u00f3n y Jurisdicci\u00f3n Aplicable<\/span><\/h3><p>Estos T\u00e9rminos y Condiciones se rigen por la legislaci\u00f3n espa\u00f1ola. Cualquier disputa o conflicto relacionado con el uso del sitio web ser\u00e1 sometido a la jurisdicci\u00f3n de los tribunales de Madrid, salvo que la ley disponga lo contrario.<\/p><h3><span style=\"color: #ff6600;\">9. Contacto<\/span><\/h3><p>Para cualquier duda o consulta sobre estos T\u00e9rminos y Condiciones, puede ponerse en contacto con nosotros a trav\u00e9s del correo electr\u00f3nico: info @ feriadecuchilleriademadrid.com.<\/p><p><strong>\u00daltima actualizaci\u00f3n:<\/strong> 27\/10\/2024<\/p>\t\t\t\t\t\t<\/div>\n\t\t\t\t<\/div>\n\t\t\t\t\t<\/div>\n\t\t\t\t<\/div>\n\t\t\t\t<\/div>\n\t\t","protected":false},"excerpt":{"rendered":"<p>Bienvenido a www.feriadecuchilleriademadrid.com (en adelante, \u00abel sitio web\u00bb). Al acceder o utilizar este sitio web, acepta cumplir con estos T\u00e9rminos y Condiciones. Si no est\u00e1 de acuerdo con ellos, le rogamos que no utilice el sitio web. 1. Informaci\u00f3n General El sitio web www.feriadecuchilleriademadrid.com es un espacio dedicado a la &hellip;<\/p>\n","protected":false},"author":1,"featured_media":0,"parent":0,"menu_order":0,"comment_status":"closed","ping_status":"closed","template":"","meta":{"_themeisle_gutenberg_block_has_review":false,"footnotes":""},"class_list":["post-245","page","type-page","status-publish","hentry"],"_links":{"self":[{"href":"https:\/\/feriadecuchilleriademadrid.com\/index.php\/wp-json\/wp\/v2\/pages\/245","targetHints":{"allow":["GET"]}}],"collection":[{"href":"https:\/\/feriadecuchilleriademadrid.com\/index.php\/wp-json\/wp\/v2\/pages"}],"about":[{"href":"https:\/\/feriadecuchilleriademadrid.com\/index.php\/wp-json\/wp\/v2\/types\/page"}],"author":[{"embeddable":true,"href":"https:\/\/feriadecuchilleriademadrid.com\/index.php\/wp-json\/wp\/v2\/users\/1"}],"replies":[{"embeddable":true,"href":"https:\/\/feriadecuchilleriademadrid.com\/index.php\/wp-json\/wp\/v2\/comments?post=245"}],"version-history":[{"count":4,"href":"https:\/\/feriadecuchilleriademadrid.com\/index.php\/wp-json\/wp\/v2\/pages\/245\/revisions"}],"predecessor-version":[{"id":263,"href":"https:\/\/feriadecuchilleriademadrid.com\/index.php\/wp-json\/wp\/v2\/pages\/245\/revisions\/263"}],"wp:attachment":[{"href":"https:\/\/feriadecuchilleriademadrid.com\/index.php\/wp-json\/wp\/v2\/media?parent=245"}],"curies":[{"name":"wp","href":"https:\/\/api.w.org\/{rel}","templated":true}]}}